{"id":87,"date":"2022-02-15T17:24:17","date_gmt":"2022-02-15T17:24:17","guid":{"rendered":"https:\/\/www.terezaprivratska.com\/?page_id=87"},"modified":"2022-02-28T10:14:37","modified_gmt":"2022-02-28T10:14:37","slug":"research","status":"publish","type":"page","link":"https:\/\/www.terezaprivratska.com\/?page_id=87","title":{"rendered":"Research"},"content":{"rendered":"\n<div class=\"wp-block-columns is-layout-flex wp-container-core-columns-is-layout-28f84493 wp-block-columns-is-layout-flex\">\n<div class=\"wp-block-column is-layout-flow wp-block-column-is-layout-flow\" style=\"flex-basis:33.33%\">\n<figure class=\"wp-block-image size-full\"><img loading=\"lazy\" decoding=\"async\" width=\"758\" height=\"530\" src=\"https:\/\/www.terezaprivratska.com\/wp-content\/uploads\/2022\/02\/research_cropped.jpg\" alt=\"giving a presentation\" class=\"wp-image-65\" srcset=\"https:\/\/www.terezaprivratska.com\/wp-content\/uploads\/2022\/02\/research_cropped.jpg 758w, https:\/\/www.terezaprivratska.com\/wp-content\/uploads\/2022\/02\/research_cropped-300x210.jpg 300w\" sizes=\"auto, (max-width: 758px) 100vw, 758px\" \/><\/figure>\n<\/div>\n\n\n\n<div class=\"wp-block-column is-layout-flow wp-block-column-is-layout-flow\" style=\"flex-basis:66.66%\">\n<p>Tereza is currently finalising her PhD dissertation on string quartet education at <a href=\"https:\/\/cuni.cz\/uken-1.html\" target=\"_blank\" rel=\"noreferrer noopener\">Charles University<\/a>. She has tailored teaching methods and approaches to the medium which modernise the pedagogical approach and speeds up the understanding of the ensemble by young players. <\/p>\n<\/div>\n<\/div>\n\n\n\n<p><hr class=\"hr\"><\/p>\n\n\n\n<h3 class=\"wp-block-heading\" id=\"recent-publications\"><strong>Recent publications:<\/strong><\/h3>\n\n\n\n<h3 class=\"wp-block-heading\" id=\"zakladni-rysy-a-zvlastnosti-mistrovske-hry-smyccoveho-kvarteta-prispevek-k-metodice-smyccove-kvartetni-interpretace\"><strong>Z\u00e1kladn\u00ed rysy a zvl\u00e1\u0161tnosti mistrovsk\u00e9 hry smy\u010dcov\u00e9ho kvarteta, p\u0159\u00edsp\u011bvek k metodice smy\u010dcov\u011b kvartetn\u00ed interpretace<\/strong><\/h3>\n\n\n\n<p>The basic characteristics and specifications of the master string quartet, contribution to the methodology interpretation <br><br>AFA4\/2018 ISSN 2453-9694 <\/p>\n\n\n\n<div data-wp-interactive=\"core\/file\" class=\"wp-block-file\"><object data-wp-bind--hidden=\"!state.hasPdfPreview\" hidden class=\"wp-block-file__embed\" data=\"https:\/\/www.terezaprivratska.com\/wp-content\/uploads\/2022\/02\/AFA_42018_ISSN_2453-9694-1.pdf\" type=\"application\/pdf\" style=\"width:50%;height:450px\" aria-label=\"Embed of Embed of AFA_42018_ISSN_2453-9694..\"><\/object><a id=\"wp-block-file--media-ba48d1f5-5210-44f6-8552-f6eb6deaf469\" href=\"https:\/\/www.terezaprivratska.com\/wp-content\/uploads\/2022\/02\/AFA_42018_ISSN_2453-9694-1.pdf\">AFA_42018_ISSN_2453-9694<\/a><a href=\"https:\/\/www.terezaprivratska.com\/wp-content\/uploads\/2022\/02\/AFA_42018_ISSN_2453-9694-1.pdf\" class=\"wp-block-file__button\" download aria-describedby=\"wp-block-file--media-ba48d1f5-5210-44f6-8552-f6eb6deaf469\">Download<\/a><\/div>\n\n\n\n<hr class=\"hr\">\n\n\n\n<h3 class=\"wp-block-heading\" id=\"the-jubilee-quartet-s-4-top-tips-on-practising-as-an-ensemble-the-strad-magazine\">The Jubilee Quartet\u2019s 4 top tips on practising as an ensemble<\/h3>\n\n\n\n<h3 class=\"wp-block-heading\" id=\"the-jubilee-quartet-s-4-top-tips-on-practising-as-an-ensemble-the-strad-magazine\"> <a href=\"https:\/\/www.thestrad.com\/teaching\/the-jubilee-quartets-4-top-tips-on-practising-as-an-ensemble-\/8523.article\" target=\"_blank\" rel=\"noreferrer noopener\">The Strad Magazine<\/a><\/h3>\n\n\n\n<h4 class=\"wp-block-heading\" id=\"jan-8-2019\">Jan 8, 2019<\/h4>\n\n\n\n<figure class=\"wp-block-image size-large is-resized\"><img loading=\"lazy\" decoding=\"async\" src=\"https:\/\/www.terezaprivratska.com\/wp-content\/uploads\/2022\/02\/Group-photo-scaled.jpeg\" alt=\"Jubilee String Quartet\" class=\"wp-image-79\" width=\"482\" height=\"361\" margin=\"auto\"><\/figure>\n","protected":false},"excerpt":{"rendered":"<p>Tereza is currently finalising her PhD dissertation on string quartet education at Charles University. She has tailored teaching methods and approaches to the medium which modernise the pedagogical approach and speeds up the understanding of the ensemble by young players. Recent publications: Z\u00e1kladn\u00ed rysy a zvl\u00e1\u0161tnosti mistrovsk\u00e9 hry smy\u010dcov\u00e9ho kvarteta, p\u0159\u00edsp\u011bvek k metodice smy\u010dcov\u011b kvartetn\u00ed &hellip; <\/p>\n<p class=\"link-more\"><a href=\"https:\/\/www.terezaprivratska.com\/?page_id=87\" class=\"more-link\">Read more<span class=\"screen-reader-text\"> &#8220;Research&#8221;<\/span><\/a><\/p>\n","protected":false},"author":1,"featured_media":0,"parent":0,"menu_order":0,"comment_status":"closed","ping_status":"closed","template":"","meta":{"ngg_post_thumbnail":0,"footnotes":""},"class_list":["post-87","page","type-page","status-publish","hentry"],"aioseo_notices":[],"_links":{"self":[{"href":"https:\/\/www.terezaprivratska.com\/index.php?rest_route=\/wp\/v2\/pages\/87","targetHints":{"allow":["GET"]}}],"collection":[{"href":"https:\/\/www.terezaprivratska.com\/index.php?rest_route=\/wp\/v2\/pages"}],"about":[{"href":"https:\/\/www.terezaprivratska.com\/index.php?rest_route=\/wp\/v2\/types\/page"}],"author":[{"embeddable":true,"href":"https:\/\/www.terezaprivratska.com\/index.php?rest_route=\/wp\/v2\/users\/1"}],"replies":[{"embeddable":true,"href":"https:\/\/www.terezaprivratska.com\/index.php?rest_route=%2Fwp%2Fv2%2Fcomments&post=87"}],"version-history":[{"count":9,"href":"https:\/\/www.terezaprivratska.com\/index.php?rest_route=\/wp\/v2\/pages\/87\/revisions"}],"predecessor-version":[{"id":208,"href":"https:\/\/www.terezaprivratska.com\/index.php?rest_route=\/wp\/v2\/pages\/87\/revisions\/208"}],"wp:attachment":[{"href":"https:\/\/www.terezaprivratska.com\/index.php?rest_route=%2Fwp%2Fv2%2Fmedia&parent=87"}],"curies":[{"name":"wp","href":"https:\/\/api.w.org\/{rel}","templated":true}]}}