{"id":92,"date":"2022-02-15T17:27:48","date_gmt":"2022-02-15T17:27:48","guid":{"rendered":"https:\/\/www.terezaprivratska.com\/?page_id=92"},"modified":"2022-02-28T10:11:05","modified_gmt":"2022-02-28T10:11:05","slug":"pedagogy","status":"publish","type":"page","link":"https:\/\/www.terezaprivratska.com\/?page_id=92","title":{"rendered":"Pedagogy"},"content":{"rendered":"\n<div class=\"wp-block-columns is-layout-flex wp-container-core-columns-is-layout-28f84493 wp-block-columns-is-layout-flex\">\n<div class=\"wp-block-column is-layout-flow wp-block-column-is-layout-flow\">\n<p>A passionate teacher, Tereza taught for many years at <a href=\"https:\/\/www.menuhinschool.co.uk\/\" target=\"_blank\" rel=\"noreferrer noopener\">The Yehudi Menuhin School<\/a>. Her pupils are international prize-winners (<a href=\"https:\/\/www.concoursgrumiaux.be\/en\/laureates\/grumiaux2019-en\" target=\"_blank\" rel=\"noreferrer noopener\">2019 International Grumiaux Competition<\/a>) and gained places at top-level universities in Europe (Hochschule f\u00fcr Musik Hanns Eisler, Universit\u00e4t der K\u00fcnste Berlin; Escuela Superior de M\u00fasica Reina Sofia, Madrid; Universit\u00e4t f\u00fcr Musik und darstellende Kunst Wien; and RAM).&nbsp;&nbsp;<\/p>\n\n\n\n<p>Teaching string quartets is Tereza\u2019s dream come true, which led her to recently co-curate The Jubilee String Quartet Academy. The Academy reached a wide spectrum of listeners, including amateurs, all levels of string quartet students, and experienced performers.<\/p>\n<\/div>\n\n\n\n<div class=\"wp-block-column is-layout-flow wp-block-column-is-layout-flow\">\n<figure class=\"wp-block-image size-full\"><img decoding=\"async\" src=\"https:\/\/www.terezaprivratska.com\/wp-content\/uploads\/2022\/02\/img3.jpg\" alt=\"\" class=\"wp-image-44\">\n<figcaption>Tereza teaching pupil Yamato  Couchman<\/figcaption><\/figure>\n<\/div>\n<\/div>\n","protected":false},"excerpt":{"rendered":"<p>A passionate teacher, Tereza taught for many years at The Yehudi Menuhin School. Her pupils are international prize-winners (2019 International Grumiaux Competition) and gained places at top-level universities in Europe (Hochschule f\u00fcr Musik Hanns Eisler, Universit\u00e4t der K\u00fcnste Berlin; Escuela Superior de M\u00fasica Reina Sofia, Madrid; Universit\u00e4t f\u00fcr Musik und darstellende Kunst Wien; and RAM).&nbsp;&nbsp; &hellip; <\/p>\n<p class=\"link-more\"><a href=\"https:\/\/www.terezaprivratska.com\/?page_id=92\" class=\"more-link\">Read more<span class=\"screen-reader-text\"> &#8220;Pedagogy&#8221;<\/span><\/a><\/p>\n","protected":false},"author":1,"featured_media":0,"parent":0,"menu_order":0,"comment_status":"closed","ping_status":"closed","template":"","meta":{"ngg_post_thumbnail":0,"footnotes":""},"class_list":["post-92","page","type-page","status-publish","hentry"],"aioseo_notices":[],"_links":{"self":[{"href":"https:\/\/www.terezaprivratska.com\/index.php?rest_route=\/wp\/v2\/pages\/92","targetHints":{"allow":["GET"]}}],"collection":[{"href":"https:\/\/www.terezaprivratska.com\/index.php?rest_route=\/wp\/v2\/pages"}],"about":[{"href":"https:\/\/www.terezaprivratska.com\/index.php?rest_route=\/wp\/v2\/types\/page"}],"author":[{"embeddable":true,"href":"https:\/\/www.terezaprivratska.com\/index.php?rest_route=\/wp\/v2\/users\/1"}],"replies":[{"embeddable":true,"href":"https:\/\/www.terezaprivratska.com\/index.php?rest_route=%2Fwp%2Fv2%2Fcomments&post=92"}],"version-history":[{"count":2,"href":"https:\/\/www.terezaprivratska.com\/index.php?rest_route=\/wp\/v2\/pages\/92\/revisions"}],"predecessor-version":[{"id":106,"href":"https:\/\/www.terezaprivratska.com\/index.php?rest_route=\/wp\/v2\/pages\/92\/revisions\/106"}],"wp:attachment":[{"href":"https:\/\/www.terezaprivratska.com\/index.php?rest_route=%2Fwp%2Fv2%2Fmedia&parent=92"}],"curies":[{"name":"wp","href":"https:\/\/api.w.org\/{rel}","templated":true}]}}